{"id":383,"date":"2015-11-30T20:45:15","date_gmt":"2015-11-30T20:45:15","guid":{"rendered":"http:\/\/faugeron.net\/?page_id=383"},"modified":"2026-04-25T14:22:18","modified_gmt":"2026-04-25T12:22:18","slug":"les-recettes","status":"publish","type":"page","link":"https:\/\/faugeron.net\/?page_id=383","title":{"rendered":"Les recettes"},"content":{"rendered":"\n<p>Un petit catalogue de recettes, presque toutes test\u00e9es et approuv\u00e9es.<\/p>\n\n\n\n<p>Pour l&rsquo;essentiel elles viennent de mon p\u00e8re, pour certaines de mes grands parents, pour d&rsquo;autres de sites internet que je fr\u00e9quente r\u00e9guli\u00e8rement et d&rsquo;autres enfin, de livres ou de magasines de cuisine. Dans tous les cas j&rsquo;essaie de citer mes sources.<\/p>\n\n<div class=\"twitter-share\"><a href=\"https:\/\/twitter.com\/intent\/tweet?via=ledza3\" class=\"twitter-share-button\">Tweet<\/a><\/div>\n","protected":false},"excerpt":{"rendered":"<p>Un petit catalogue de recettes, presque toutes test\u00e9es et approuv\u00e9es. Pour l&rsquo;essentiel elles viennent de mon p\u00e8re, pour certaines de mes grands parents, pour d&rsquo;autres de sites internet que je fr\u00e9quente r\u00e9guli\u00e8rement et d&rsquo;autres enfin, de livres ou de magasines de cuisine. Dans tous les cas j&rsquo;essaie de citer mes sources.<\/p>\n","protected":false},"author":1,"featured_media":0,"parent":0,"menu_order":0,"comment_status":"closed","ping_status":"closed","template":"","meta":{"jetpack_post_was_ever_published":false,"footnotes":""},"class_list":["post-383","page","type-page","status-publish","hentry"],"jetpack_shortlink":"https:\/\/wp.me\/P74TSi-6b","jetpack_sharing_enabled":true,"_links":{"self":[{"href":"https:\/\/faugeron.net\/index.php?rest_route=\/wp\/v2\/pages\/383","targetHints":{"allow":["GET"]}}],"collection":[{"href":"https:\/\/faugeron.net\/index.php?rest_route=\/wp\/v2\/pages"}],"about":[{"href":"https:\/\/faugeron.net\/index.php?rest_route=\/wp\/v2\/types\/page"}],"author":[{"embeddable":true,"href":"https:\/\/faugeron.net\/index.php?rest_route=\/wp\/v2\/users\/1"}],"replies":[{"embeddable":true,"href":"https:\/\/faugeron.net\/index.php?rest_route=%2Fwp%2Fv2%2Fcomments&post=383"}],"version-history":[{"count":3,"href":"https:\/\/faugeron.net\/index.php?rest_route=\/wp\/v2\/pages\/383\/revisions"}],"predecessor-version":[{"id":4007,"href":"https:\/\/faugeron.net\/index.php?rest_route=\/wp\/v2\/pages\/383\/revisions\/4007"}],"wp:attachment":[{"href":"https:\/\/faugeron.net\/index.php?rest_route=%2Fwp%2Fv2%2Fmedia&parent=383"}],"curies":[{"name":"wp","href":"https:\/\/api.w.org\/{rel}","templated":true}]}}